{"id":7668,"date":"2019-10-23T01:59:45","date_gmt":"2019-10-22T22:59:45","guid":{"rendered":"https:\/\/bollmann-group.gr\/lernen-sie-uns-kennen\/"},"modified":"2024-03-19T12:03:14","modified_gmt":"2024-03-19T10:03:14","slug":"team","status":"publish","type":"page","link":"https:\/\/bollmann-group.gr\/de\/team\/","title":{"rendered":"Lernen Sie uns kennen"},"content":{"rendered":"\t\t<div data-elementor-type=\"wp-page\" data-elementor-id=\"7668\" class=\"elementor elementor-7668 elementor-270\" data-elementor-post-type=\"page\">\n\t\t\t\t<div class=\"elementor-element elementor-element-e74ba27 e-flex e-con-boxed e-con e-parent\" data-id=\"e74ba27\" data-element_type=\"container\">\n\t\t\t\t\t<div class=\"e-con-inner\">\n\t\t<div class=\"elementor-element elementor-element-118ea11 e-con-full e-flex e-con e-child\" data-id=\"118ea11\" data-element_type=\"container\">\n\t\t\t\t<div class=\"elementor-element elementor-element-d04df24 animated-fast elementor-invisible elementor-widget elementor-widget-heading\" data-id=\"d04df24\" data-element_type=\"widget\" data-settings=\"{&quot;_animation&quot;:&quot;opal-move-up&quot;}\" data-widget_type=\"heading.default\">\n\t\t\t\t<div class=\"elementor-widget-container\">\n\t\t\t<div class=\"elementor-heading-wrapper\" ><div class=\"elementor-heading-wrapper-inner\"><h2 class=\"elementor-heading-title elementor-size-default\">unser Team<\/h2><\/div><\/div>\t\t<\/div>\n\t\t\t\t<\/div>\n\t\t\t\t<\/div>\n\t\t\t\t\t<\/div>\n\t\t\t\t<\/div>\n\t\t<div class=\"elementor-element elementor-element-628467e e-flex e-con-boxed e-con e-parent\" data-id=\"628467e\" data-element_type=\"container\">\n\t\t\t\t\t<div class=\"e-con-inner\">\n\t\t\t\t<div class=\"elementor-element elementor-element-f1ed3e6 elementor-position-left animated-fast elementor-vertical-align-top elementor-invisible elementor-widget elementor-widget-image-box\" data-id=\"f1ed3e6\" data-element_type=\"widget\" data-settings=\"{&quot;_animation&quot;:&quot;opal-move-up&quot;}\" data-widget_type=\"image-box.default\">\n\t\t\t\t<div class=\"elementor-widget-container\">\n\t\t\t<div class=\"elementor-image-box-wrapper elementor-button-\"><div class=\"elementor-image-framed\"><figure class=\"elementor-image-box-img\"><a href=\"#\"><img fetchpriority=\"high\" decoding=\"async\" width=\"600\" height=\"600\" src=\"https:\/\/bollmann-group.gr\/wp-content\/uploads\/2023\/09\/KIM03901-1024x1024.jpg\" class=\"attachment-large size-large wp-image-7696\" alt=\"\" srcset=\"https:\/\/bollmann-group.gr\/wp-content\/uploads\/2023\/09\/KIM03901-1024x1024.jpg 1024w, https:\/\/bollmann-group.gr\/wp-content\/uploads\/2023\/09\/KIM03901-300x300.jpg 300w, https:\/\/bollmann-group.gr\/wp-content\/uploads\/2023\/09\/KIM03901-150x150.jpg 150w, https:\/\/bollmann-group.gr\/wp-content\/uploads\/2023\/09\/KIM03901-768x768.jpg 768w, https:\/\/bollmann-group.gr\/wp-content\/uploads\/2023\/09\/KIM03901-1536x1536.jpg 1536w, https:\/\/bollmann-group.gr\/wp-content\/uploads\/2023\/09\/KIM03901-2048x2048.jpg 2048w, https:\/\/bollmann-group.gr\/wp-content\/uploads\/2023\/09\/KIM03901-700x700.jpg 700w\" sizes=\"(max-width: 600px) 100vw, 600px\" \/><\/a><\/figure><\/div><div class=\"elementor-image-box-content\"><div class=\"elementor-image-box-sub-title\">Founder<\/div><h3 class=\"elementor-image-box-title\"><a href=\"#\">Peter Bollman<\/a><\/h3><p class=\"elementor-image-box-description\">Peter Bollmann kann am besten als vision\u00e4rer Immobilienentwickler bezeichnet werden, der \u00fcber eine mehr als 30-j\u00e4hrige Expertise verf\u00fcgt. Aufgrund seines unersch\u00fctterlichen Engagements f\u00fcr Innovation und seiner nachgewiesenen Erfolgsbilanz in Deutschland hat er gemeinsam mit seinen Partnern, Kostas Manikas, beschlossen, den Aktionsradius des Unternehmens auf Griechenland und Portugal auszudehnen. \n<br>Da Peter die Immobilienentwicklung immer als Mittel zur Verbesserung von Gemeinschaften betrachtet hat, wird die Expansion gerade in Griechenland auf der Grundlage einer Strategie entwickelt, in der die Projekte nicht nur die \u00f6rtlichen Landschaften bereichern, sondern auch nachhaltige, inklusive Gemeinschaften f\u00f6rdern, sodass die Essenz jeder Region widergespiegelt wird.<\/p><\/div><\/div>\t\t<\/div>\n\t\t\t\t<\/div>\n\t\t\t\t<div class=\"elementor-element elementor-element-a719b6b elementor-position-left elementor-vertical-align-middle animated-fast elementor-invisible elementor-widget elementor-widget-image-box\" data-id=\"a719b6b\" data-element_type=\"widget\" data-settings=\"{&quot;_animation&quot;:&quot;opal-move-up&quot;,&quot;_animation_delay&quot;:150}\" data-widget_type=\"image-box.default\">\n\t\t\t\t<div class=\"elementor-widget-container\">\n\t\t\t<div class=\"elementor-image-box-wrapper elementor-button-\"><div class=\"elementor-image-framed\"><figure class=\"elementor-image-box-img\"><a href=\"#\"><img decoding=\"async\" width=\"600\" height=\"546\" data-src=\"https:\/\/bollmann-group.gr\/wp-content\/uploads\/2023\/10\/Manikas.jpg\" class=\"attachment-large size-large wp-image-8355 lazyload\" alt=\"\" data-srcset=\"https:\/\/bollmann-group.gr\/wp-content\/uploads\/2023\/10\/Manikas.jpg 704w, https:\/\/bollmann-group.gr\/wp-content\/uploads\/2023\/10\/Manikas-300x273.jpg 300w, https:\/\/bollmann-group.gr\/wp-content\/uploads\/2023\/10\/Manikas-700x637.jpg 700w\" data-sizes=\"(max-width: 600px) 100vw, 600px\" src=\"data:image\/svg+xml;base64,PHN2ZyB3aWR0aD0iMSIgaGVpZ2h0PSIxIiB4bWxucz0iaHR0cDovL3d3dy53My5vcmcvMjAwMC9zdmciPjwvc3ZnPg==\" style=\"--smush-placeholder-width: 600px; --smush-placeholder-aspect-ratio: 600\/546;\" \/><\/a><\/figure><\/div><div class=\"elementor-image-box-content\"><div class=\"elementor-image-box-sub-title\">Founder<\/div><h3 class=\"elementor-image-box-title\"><a href=\"#\">Konstantin Manikas<\/a><\/h3><p class=\"elementor-image-box-description\">Mit einer beeindruckenden Karriere hat Kostas Manikas ein umfangreiches Wissen erworben, das \u00fcber nationale M\u00e4rkte hinausgeht. Nach erfolgreicher Durchf\u00fchrung von Projekten an verschiedenen Standorten in Deutschland versteht er die Nuancen unterschiedlicher Immobilienlandschaften, rechtlicher Rahmenbedingungen und kultureller Dynamiken. Unter der Leitung von Kosta ist unser Unternehmen bereit f\u00fcr die internationale Expansion. Die strategische Entscheidung, in Griechenland und Portugal Fu\u00df zu fassen, spiegelt sein tiefes Vertrauen in das Wachstumspotenzial dieser M\u00e4rkte wider. Indem er unsere Unternehmenskompetenz und unser Qualit\u00e4tsversprechen nach Griechenland bringt, zielt er darauf ab, einen unausl\u00f6schlichen Eindruck auf der europ\u00e4ischen Immobilienentwicklung zu hinterlassen.    <\/p><\/div><\/div>\t\t<\/div>\n\t\t\t\t<\/div>\n\t\t\t\t<div class=\"elementor-element elementor-element-e82724a elementor-vertical-align-middle elementor-position-left animated-fast elementor-invisible elementor-widget elementor-widget-image-box\" data-id=\"e82724a\" data-element_type=\"widget\" data-settings=\"{&quot;_animation&quot;:&quot;opal-move-up&quot;,&quot;_animation_delay&quot;:150}\" data-widget_type=\"image-box.default\">\n\t\t\t\t<div class=\"elementor-widget-container\">\n\t\t\t<div class=\"elementor-image-box-wrapper elementor-button-\"><div class=\"elementor-image-framed\"><figure class=\"elementor-image-box-img\"><a href=\"#\"><img decoding=\"async\" width=\"600\" height=\"600\" data-src=\"https:\/\/bollmann-group.gr\/wp-content\/uploads\/2024\/03\/manoukas-1024x1024.jpg\" class=\"attachment-large size-large wp-image-9015 lazyload\" alt=\"\" data-srcset=\"https:\/\/bollmann-group.gr\/wp-content\/uploads\/2024\/03\/manoukas-1024x1024.jpg 1024w, https:\/\/bollmann-group.gr\/wp-content\/uploads\/2024\/03\/manoukas-300x300.jpg 300w, https:\/\/bollmann-group.gr\/wp-content\/uploads\/2024\/03\/manoukas-150x150.jpg 150w, https:\/\/bollmann-group.gr\/wp-content\/uploads\/2024\/03\/manoukas-768x768.jpg 768w, https:\/\/bollmann-group.gr\/wp-content\/uploads\/2024\/03\/manoukas-1536x1536.jpg 1536w, https:\/\/bollmann-group.gr\/wp-content\/uploads\/2024\/03\/manoukas-700x700.jpg 700w, https:\/\/bollmann-group.gr\/wp-content\/uploads\/2024\/03\/manoukas.jpg 2048w\" data-sizes=\"(max-width: 600px) 100vw, 600px\" src=\"data:image\/svg+xml;base64,PHN2ZyB3aWR0aD0iMSIgaGVpZ2h0PSIxIiB4bWxucz0iaHR0cDovL3d3dy53My5vcmcvMjAwMC9zdmciPjwvc3ZnPg==\" style=\"--smush-placeholder-width: 600px; --smush-placeholder-aspect-ratio: 600\/600;\" \/><\/a><\/figure><\/div><div class=\"elementor-image-box-content\"><div class=\"elementor-image-box-sub-title\">Head of Investment<\/div><h3 class=\"elementor-image-box-title\"><a href=\"#\">Mag. Ilias Manoukas<\/a><\/h3><p class=\"elementor-image-box-description\">Seit Anfang September 2022 ist Ilias Manoukas als Leiter des Athener B\u00fcros f\u00fcr die Bollmann Group Hellas t\u00e4tig. In dieser Rolle ist er f\u00fcr den Bereich Immobilieninvestitionen und Immobilienentwicklung verantwortlich. Als Head of Transaction leitet er insbesondere den Akquisitionsprozess von, Portfolios, Einzelwohnimmobilien und Grundst\u00fccken im Gro\u00dfraum Athen sowie den anschlie\u00dfenden Verkauf. Ilias Manoukas verf\u00fcgt \u00fcber umfangreiche Erfahrung in nationalen und internationalen Immobilienm\u00e4rkten. Zuvor war er f\u00fcr die Immobilienaktivit\u00e4ten der MAGAN Gruppe in Berlin verantwortlich. Vor dieser Position war Herr Manoukas als Head of Investment f\u00fcr die IMMOBILIA Gruppe mit Sitz in Budapest t\u00e4tig. Besonders hervorzuheben ist seine erfolgreiche T\u00e4tigkeit als Head of Capital Markets bei Colliers International sowie als Head of Industrial &amp; Logistics bei CBRE in Wien.     <\/p><\/div><\/div>\t\t<\/div>\n\t\t\t\t<\/div>\n\t\t\t\t<div class=\"elementor-element elementor-element-0dda4a5 elementor-position-left elementor-vertical-align-middle animated-fast elementor-invisible elementor-widget elementor-widget-image-box\" data-id=\"0dda4a5\" data-element_type=\"widget\" data-settings=\"{&quot;_animation&quot;:&quot;opal-move-up&quot;,&quot;_animation_delay&quot;:150}\" data-widget_type=\"image-box.default\">\n\t\t\t\t<div class=\"elementor-widget-container\">\n\t\t\t<div class=\"elementor-image-box-wrapper elementor-button-\"><div class=\"elementor-image-framed\"><figure class=\"elementor-image-box-img\"><a href=\"#\"><img decoding=\"async\" width=\"600\" height=\"600\" data-src=\"https:\/\/bollmann-group.gr\/wp-content\/uploads\/2023\/09\/DIMITRIS-PALAPOUIDIS-2-1024x1024.jpg\" class=\"attachment-large size-large wp-image-7836 lazyload\" alt=\"\" data-srcset=\"https:\/\/bollmann-group.gr\/wp-content\/uploads\/2023\/09\/DIMITRIS-PALAPOUIDIS-2-1024x1024.jpg 1024w, https:\/\/bollmann-group.gr\/wp-content\/uploads\/2023\/09\/DIMITRIS-PALAPOUIDIS-2-300x300.jpg 300w, https:\/\/bollmann-group.gr\/wp-content\/uploads\/2023\/09\/DIMITRIS-PALAPOUIDIS-2-150x150.jpg 150w, https:\/\/bollmann-group.gr\/wp-content\/uploads\/2023\/09\/DIMITRIS-PALAPOUIDIS-2-768x768.jpg 768w, https:\/\/bollmann-group.gr\/wp-content\/uploads\/2023\/09\/DIMITRIS-PALAPOUIDIS-2-1536x1536.jpg 1536w, https:\/\/bollmann-group.gr\/wp-content\/uploads\/2023\/09\/DIMITRIS-PALAPOUIDIS-2-700x700.jpg 700w, https:\/\/bollmann-group.gr\/wp-content\/uploads\/2023\/09\/DIMITRIS-PALAPOUIDIS-2.jpg 1800w\" data-sizes=\"(max-width: 600px) 100vw, 600px\" src=\"data:image\/svg+xml;base64,PHN2ZyB3aWR0aD0iMSIgaGVpZ2h0PSIxIiB4bWxucz0iaHR0cDovL3d3dy53My5vcmcvMjAwMC9zdmciPjwvc3ZnPg==\" style=\"--smush-placeholder-width: 600px; --smush-placeholder-aspect-ratio: 600\/600;\" \/><\/a><\/figure><\/div><div class=\"elementor-image-box-content\"><div class=\"elementor-image-box-sub-title\">Senior Director<\/div><h3 class=\"elementor-image-box-title\"><a href=\"#\">Dimitrios Palapouidis<\/a><\/h3><p class=\"elementor-image-box-description\">Mit 20 Jahren Erfahrung in der Finanz- und Immobilienwirtschaft verf\u00fcgt Herr Palapouidis \u00fcber umfassendes Wissen in den Bereichen Projektentwicklung und Verm\u00f6gensverwaltung. Er hat sowohl in der Bauwirtschaft als auch als Berater f\u00fcr einige Family Offices gearbeitet und verm\u00f6gende Privatmandate sowie Gewerbetreibende betreut. Neben seinem finanziellen Sachverstand zeichnet sich Herr Palapouidis durch eine leidenschaftliche Hingabe zur Architektur aus. Sein ganzheitliches Verst\u00e4ndnis f\u00fcr Immobilienprojekte ber\u00fccksichtigt sowohl finanzielle als auch \u00e4sthetische Aspekte, was ihn zu einer wertvollen Bereicherung f\u00fcr unser Team und unsere Projekte in Griechenland und Deutschland macht.    <span style=\"font-family: \"Be Vietnam\", -apple-system, BlinkMacSystemFont, \"Segoe UI\", Roboto, \"Helvetica Neue\", Arial, sans-serif; font-size: 1rem;\"><\/span><\/p><\/div><\/div>\t\t<\/div>\n\t\t\t\t<\/div>\n\t\t\t\t\t<\/div>\n\t\t\t\t<\/div>\n\t\t\t\t<\/div>\n\t\t","protected":false},"excerpt":{"rendered":"<p>unser Team Founder Peter Bollman Peter Bollmann kann am besten als vision\u00e4rer Immobilienentwickler bezeichnet werden, der \u00fcber eine mehr als 30-j\u00e4hrige Expertise verf\u00fcgt. Aufgrund seines unersch\u00fctterlichen Engagements f\u00fcr Innovation und seiner nachgewiesenen Erfolgsbilanz in Deutschland hat er gemeinsam mit seinen Partnern, Kostas Manikas, beschlossen, den Aktionsradius des Unternehmens auf Griechenland und Portugal auszudehnen. Da Peter &hellip; <\/p>\n<p class=\"link-more\"><a href=\"https:\/\/bollmann-group.gr\/de\/team\/\" class=\"more-link\">Read More <span class=\"screen-reader-text\"> &#8222;Lernen Sie uns kennen&#8220;<\/span><\/a><\/p>\n","protected":false},"author":2,"featured_media":0,"parent":0,"menu_order":0,"comment_status":"closed","ping_status":"closed","template":"page-elementor.php","meta":{"inline_featured_image":false,"footnotes":""},"class_list":["post-7668","page","type-page","status-publish","hentry"],"_links":{"self":[{"href":"https:\/\/bollmann-group.gr\/de\/wp-json\/wp\/v2\/pages\/7668","targetHints":{"allow":["GET"]}}],"collection":[{"href":"https:\/\/bollmann-group.gr\/de\/wp-json\/wp\/v2\/pages"}],"about":[{"href":"https:\/\/bollmann-group.gr\/de\/wp-json\/wp\/v2\/types\/page"}],"author":[{"embeddable":true,"href":"https:\/\/bollmann-group.gr\/de\/wp-json\/wp\/v2\/users\/2"}],"replies":[{"embeddable":true,"href":"https:\/\/bollmann-group.gr\/de\/wp-json\/wp\/v2\/comments?post=7668"}],"version-history":[{"count":22,"href":"https:\/\/bollmann-group.gr\/de\/wp-json\/wp\/v2\/pages\/7668\/revisions"}],"predecessor-version":[{"id":9021,"href":"https:\/\/bollmann-group.gr\/de\/wp-json\/wp\/v2\/pages\/7668\/revisions\/9021"}],"wp:attachment":[{"href":"https:\/\/bollmann-group.gr\/de\/wp-json\/wp\/v2\/media?parent=7668"}],"curies":[{"name":"wp","href":"https:\/\/api.w.org\/{rel}","templated":true}]}}